{"id":43,"date":"2026-02-06T12:08:24","date_gmt":"2026-02-06T12:08:24","guid":{"rendered":"https:\/\/wp.euro-ndt.com\/index.php\/about\/"},"modified":"2026-04-22T08:03:23","modified_gmt":"2026-04-22T08:03:23","slug":"about-us","status":"publish","type":"page","link":"https:\/\/euro-ndt.com\/ro\/about-us\/","title":{"rendered":"Despre noi"},"content":{"rendered":"<div data-elementor-type=\"wp-page\" data-elementor-id=\"43\" class=\"elementor elementor-43\">\n\t\t\t\t<div class=\"elementor-element elementor-element-2d877591 e-flex e-con-boxed e-con e-parent\" data-id=\"2d877591\" data-element_type=\"container\" data-e-type=\"container\" data-settings=\"{&quot;background_background&quot;:&quot;classic&quot;,&quot;shape_divider_bottom&quot;:&quot;waves&quot;}\">\n\t\t\t\t\t<div class=\"e-con-inner\">\n\t\t\t\t<div class=\"elementor-shape elementor-shape-bottom\" aria-hidden=\"true\" data-negative=\"false\">\n\t\t\t<svg xmlns=\"http:\/\/www.w3.org\/2000\/svg\" viewbox=\"0 0 1000 100\" preserveaspectratio=\"none\">\n\t<path class=\"elementor-shape-fill\" d=\"M421.9,6.5c22.6-2.5,51.5,0.4,75.5,5.3c23.6,4.9,70.9,23.5,100.5,35.7c75.8,32.2,133.7,44.5,192.6,49.7\tc23.6,2.1,48.7,3.5,103.4-2.5c54.7-6,106.2-25.6,106.2-25.6V0H0v30.3c0,0,72,32.6,158.4,30.5c39.2-0.7,92.8-6.7,134-22.4\tc21.2-8.1,52.2-18.2,79.7-24.2C399.3,7.9,411.6,7.5,421.9,6.5z\"\/>\n<\/svg>\t\t<\/div>\n\t\t\t\t<div class=\"elementor-element elementor-element-5041a16 elementor-widget elementor-widget-heading\" data-id=\"5041a16\" data-element_type=\"widget\" data-e-type=\"widget\" data-widget_type=\"heading.default\">\n\t\t\t\t\t<h1 class=\"elementor-heading-title elementor-size-default\">Despre noi<\/h1>\t\t\t\t<\/div>\n\t\t\t\t\t<\/div>\n\t\t\t\t<\/div>\n\t\t<div class=\"elementor-element elementor-element-46015afc e-con-full e-flex e-con e-parent\" data-id=\"46015afc\" data-element_type=\"container\" data-e-type=\"container\">\n\t\t\t\t<div class=\"elementor-element elementor-element-3ff608c0 elementor-widget elementor-widget-zigzag\" data-id=\"3ff608c0\" data-element_type=\"widget\" data-e-type=\"widget\" data-settings=\"{&quot;image_shape&quot;:&quot;sharp&quot;}\" data-widget_type=\"zigzag.default\">\n\t\t\t\t<div class=\"elementor-widget-container\">\n\t\t\t\t\t\t\t<div class=\"ehp-zigzag has-direction-start\">\n\t\t\t\t\t\t\t<div class=\"ehp-zigzag__item-wrapper\">\n\t\t\t\t\t<div class=\"ehp-zigzag__item-container\">\n\t\t\t\t\t\t\t\t<div class=\"ehp-zigzag__graphic-element-container has-image\">\n\t\t\t\t\t\t<div class=\"ehp-image ehp-zigzag__image-container\">\n\t\t\t\t<img decoding=\"async\" class=\"ehp-image__img ehp-zigzag__img has-shape-sharp shape-type-image\" src=\"https:\/\/euro-ndt.com\/wp-content\/uploads\/2026\/02\/workers-standing-checking-beside-working-oil-pumps-1_1600x1067-e1770385985128.jpg\" title=\"NDT Expert ROMANIA\" alt=\"NDT Expert ROMANIA\" loading=\"lazy\" \/>\t\t\t<\/div>\n\t\t\t\t\t<\/div>\n\t\t\t\t<div class=\"ehp-zigzag__text-container is-graphic-image\">\n\t\t\t<h2 class=\"ehp-zigzag__title\">Ce este NDT<\/h2><p class=\"ehp-zigzag__description\">Domeniul Test\u0103rii Non-Distructive (NDT) este unul foarte vast, av\u00e2nd un rol esen\u021bial \u00een asigurarea func\u021bion\u0103rii fiabile \u0219i eficiente din punct de vedere al costurilor, al componentelor \u0219i sistemelor structurale. Tehnicienii \u0219i inginerii NDT definesc \u0219i implementeaz\u0103 teste care identific\u0103 \u0219i caracterizeaz\u0103 condi\u021biile materialelor \u0219i defectele care, altfel, ar putea provoca accidente aviatice, defec\u021biuni ale reactoarelor, deraieri de trenuri, explozii de conducte \u0219i o varietate de evenimente mai pu\u021bin vizibile, dar la fel de \u00eengrijor\u0103toare. <\/p>\t\t<\/div>\n\t\t\t\t\t\t\t<\/div>\n\t\t\t\t<\/div>\n\t\t\t\t\t\t\t\t<div class=\"ehp-zigzag__item-wrapper\">\n\t\t\t\t\t<div class=\"ehp-zigzag__item-container\">\n\t\t\t\t\t\t\t\t<div class=\"ehp-zigzag__graphic-element-container has-image\">\n\t\t\t\t\t\t<div class=\"ehp-image ehp-zigzag__image-container ehp-image ehp-zigzag__image-container\">\n\t\t\t\t<img decoding=\"async\" class=\"ehp-image__img ehp-zigzag__img has-shape-sharp shape-type-image\" src=\"https:\/\/euro-ndt.com\/wp-content\/uploads\/2026\/02\/spray-5695737_1920_1600x1067.jpg\" title=\"spray-5695737_1920_1600x1067\" alt=\"spray-5695737_1920_1600x1067\" loading=\"lazy\" \/>\t\t\t<\/div>\n\t\t\t\t\t<\/div>\n\t\t\t\t<div class=\"ehp-zigzag__text-container is-graphic-image\">\n\t\t\t<h2 class=\"ehp-zigzag__title\">Testul<\/h2><p class=\"ehp-zigzag__description\">Aceste teste sunt efectuate \u00eentr-un mod care nu afecteaz\u0103 utilitatea viitoare a obiectului sau materialului. Cu alte cuvinte, NDT permite inspectarea \u0219i m\u0103surarea pieselor \u0219i materialelor f\u0103r\u0103 a le deteriora. Deoarece permite inspec\u021bia f\u0103r\u0103 a interfera cu utilizarea final\u0103 a unui produs, NDT ofer\u0103 un echilibru excelent \u00eentre controlul calit\u0103\u021bii \u0219i eficien\u021ba costurilor.<\/p>\t\t<\/div>\n\t\t\t\t\t\t\t<\/div>\n\t\t\t\t<\/div>\n\t\t\t\t\t\t\t\t<div class=\"ehp-zigzag__item-wrapper\">\n\t\t\t\t\t<div class=\"ehp-zigzag__item-container\">\n\t\t\t\t\t\t\t\t<div class=\"ehp-zigzag__graphic-element-container has-image\">\n\t\t\t\t\t\t<div class=\"ehp-image ehp-zigzag__image-container ehp-image ehp-zigzag__image-container ehp-image ehp-zigzag__image-container\">\n\t\t\t\t<img decoding=\"async\" class=\"ehp-image__img ehp-zigzag__img has-shape-sharp shape-type-image\" src=\"https:\/\/euro-ndt.com\/wp-content\/uploads\/2026\/02\/gas-863196_1280_1600x1061.jpg\" title=\"gas-863196_1280_1600x1061\" alt=\"gas-863196_1280_1600x1061\" loading=\"lazy\" \/>\t\t\t<\/div>\n\t\t\t\t\t<\/div>\n\t\t\t\t<div class=\"ehp-zigzag__text-container is-graphic-image\">\n\t\t\t<h2 class=\"ehp-zigzag__title\">Calitate mai presus de cantitate<\/h2><p class=\"ehp-zigzag__description\">\u00cen industria NDT, un singur defect omis conteaz\u0103 mai mult dec\u00e2t o mie de inspec\u021bii perfecte. Prioritiz\u0103m precizia meticuloas\u0103 \u0219i expertiza tehnic\u0103 profund\u0103 \u00een detrimentul vitezei, asigur\u00e2ndu-ne c\u0103 fiecare scanare ofer\u0103 certitudinea absolut\u0103 de care au nevoie activele dumneavoastr\u0103 critice. Deoarece atunci c\u00e2nd siguran\u021ba este \u00een joc, integritatea datelor conteaz\u0103 mai mult dec\u00e2t viteza senzorului<\/p>\t\t<\/div>\n\t\t\t\t\t\t\t<\/div>\n\t\t\t\t<\/div>\n\t\t\t\t\t\t\t\t<div class=\"ehp-zigzag__item-wrapper\">\n\t\t\t\t\t<div class=\"ehp-zigzag__item-container\">\n\t\t\t\t\t\t\t\t<div class=\"ehp-zigzag__graphic-element-container has-image\">\n\t\t\t\t\t\t<div class=\"ehp-image ehp-zigzag__image-container ehp-image ehp-zigzag__image-container ehp-image ehp-zigzag__image-container ehp-image ehp-zigzag__image-container\">\n\t\t\t\t<img decoding=\"async\" class=\"ehp-image__img ehp-zigzag__img has-shape-sharp shape-type-image\" src=\"https:\/\/euro-ndt.com\/wp-content\/uploads\/2026\/02\/russia-112445_1920_1600x1058.jpg\" title=\"russia-112445_1920_1600x1058\" alt=\"russia-112445_1920_1600x1058\" loading=\"lazy\" \/>\t\t\t<\/div>\n\t\t\t\t\t<\/div>\n\t\t\t\t<div class=\"ehp-zigzag__text-container is-graphic-image\">\n\t\t\t<h2 class=\"ehp-zigzag__title\">Euro-NDT<\/h2><p class=\"ehp-zigzag__description\">Compania Euro NDT Inspection S.R.L. a fost \u00eenfiin\u021bat\u0103 \u00een anul 2010, av\u00e2nd primul sediu \u00een Rom\u00e2nia. Domeniul de activitate al companiei \u00eel reprezint\u0103 serviciile de inspec\u021bie \u0219i testare pentru industria petrolier\u0103 \u0219i gazifer\u0103, industria auto, construc\u021biile navale \u0219i industria feroviar\u0103.\nUn element important al tuturor lucr\u0103rilor efectuate de Euro NDT Inspection este asigurarea calit\u0103\u021bii, pentru servicii care respect\u0103 specifica\u021biile conform standardelor industriei, agreate cu clien\u021bii \u0219i ofer\u0103 acestora un grad ridicat de satisfac\u021bie. Euro NDT Inspection cere fiec\u0103rui angajat s\u0103 aplice aceast\u0103 etic\u0103 \u00een timpul activit\u0103\u021bilor zilnice \u0219i solicit\u0103 ca toate procedurile fundamentale pentru activitatea sa, s\u0103 fie implementate f\u0103r\u0103 abateri.<\/p>\t\t<\/div>\n\t\t\t\t\t\t\t<\/div>\n\t\t\t\t<\/div>\n\t\t\t\t\t\t\t<\/div>\n\t\t\t\t\t\t<\/div>\n\t\t\t\t<\/div>\n\t\t\t\t<div class=\"elementor-element elementor-element-47467bb elementor-widget__width-initial elementor-widget elementor-widget-heading\" data-id=\"47467bb\" data-element_type=\"widget\" data-e-type=\"widget\" data-widget_type=\"heading.default\">\n\t\t\t\t\t<h2 class=\"elementor-heading-title elementor-size-default\">EXPERIEN\u021a\u0102 \u0218I OAMENI<\/h2>\t\t\t\t<\/div>\n\t\t\t\t<\/div>\n\t\t<div class=\"elementor-element elementor-element-71ee240 e-grid e-con-boxed e-con e-parent\" data-id=\"71ee240\" data-element_type=\"container\" data-e-type=\"container\">\n\t\t\t\t\t<div class=\"e-con-inner\">\n\t\t\t\t<div class=\"elementor-element elementor-element-98cdd95 elementor-widget elementor-widget-text-editor\" data-id=\"98cdd95\" data-element_type=\"widget\" data-e-type=\"widget\" data-widget_type=\"text-editor.default\">\n\t\t\t\t\t\t\t\t\t<p><strong>Inspector Nivel III<br>Inspector Lifting Certificat DNV<br>Inspec\u021bii Acreditate conform Loler<br>Evalu\u0103ri Acreditate DROPS<br>Inspectori Nivel I \u0219i II<br>Acreditare BOSIET \/ OPITO<br>Standarde DS-1, NS-2 \u0219i API<br>Instruire intern\u0103 conform Euro NDT QP-12<br>(VI) Inspec\u021bie Vizual\u0103<br>(MPI) Inspec\u021bie cu particule magnetice<br>(PT) Inspec\u021bie cu lichide penetrante<br>(UT) Testare cu ultrasunete (grosime de perete \/ suduri)<br>wall thickness gauging.<br>(EMI) Inspec\u021bie automatizat\u0103 a materialelor tubulare<\/strong><\/p>\t\t\t\t\t\t\t\t<\/div>\n\t\t\t\t<div class=\"elementor-element elementor-element-72abb33 elementor-widget elementor-widget-text-editor\" data-id=\"72abb33\" data-element_type=\"widget\" data-e-type=\"widget\" data-widget_type=\"text-editor.default\">\n\t\t\t\t\t\t\t\t\t<strong>Personalul EURO NDT instruit \u00een:<\/strong><br>\n\u2013 Curs de formare acreditat British Institute on Non Destrucive Testing, Nivel III<br>\n\u2013 Curs de formare Nivel II \u00een teoria \u0219i aplicarea tehnicilor de examinare cu particule magnetice, \u00een conformitate cu SNT-TC-1A \u0219i BS EN ISO 9712.<br>\n&#8211; Level II training course in the theory and application of Magnetic Particle inspection techniques in compliance with SNT-TC-1A, BS EN ISO 9712.<br>\n\u2013 Curs de formare Nivel II \u00een teoria \u0219i aplicarea tehnicii cu ultrasunete (categoriile 3.1 \u0219i 3.2), \u00een conformitate cu SNT-TC-1A.<br>\n\u2013 Curs introductiv de siguran\u021b\u0103 de baz\u0103 la bordul platformelor marine \u0219i instruire pentru situa\u021bii de urgen\u021b\u0103 (BOSIET) \u2013 OPITO.<br>\n\u2013 Program de formare a formatorilor (train the trainer) privind prevenirea c\u0103derii obiectelor (DROPS).\t\t\t\t\t\t\t\t<\/div>\n\t\t\t\t\t<\/div>\n\t\t\t\t<\/div>\n\t\t<div class=\"elementor-element elementor-element-72c2b69c e-flex e-con-boxed e-con e-parent\" data-id=\"72c2b69c\" data-element_type=\"container\" data-e-type=\"container\" data-settings=\"{&quot;background_background&quot;:&quot;gradient&quot;,&quot;shape_divider_top&quot;:&quot;waves&quot;}\">\n\t\t\t\t\t<div class=\"e-con-inner\">\n\t\t\t\t<div class=\"elementor-shape elementor-shape-top\" aria-hidden=\"true\" data-negative=\"false\">\n\t\t\t<svg xmlns=\"http:\/\/www.w3.org\/2000\/svg\" viewbox=\"0 0 1000 100\" preserveaspectratio=\"none\">\n\t<path class=\"elementor-shape-fill\" d=\"M421.9,6.5c22.6-2.5,51.5,0.4,75.5,5.3c23.6,4.9,70.9,23.5,100.5,35.7c75.8,32.2,133.7,44.5,192.6,49.7\tc23.6,2.1,48.7,3.5,103.4-2.5c54.7-6,106.2-25.6,106.2-25.6V0H0v30.3c0,0,72,32.6,158.4,30.5c39.2-0.7,92.8-6.7,134-22.4\tc21.2-8.1,52.2-18.2,79.7-24.2C399.3,7.9,411.6,7.5,421.9,6.5z\"\/>\n<\/svg>\t\t<\/div>\n\t\t<div class=\"elementor-element elementor-element-eb5897e e-con-full e-flex e-con e-child\" data-id=\"eb5897e\" data-element_type=\"container\" data-e-type=\"container\">\n\t\t\t\t<div class=\"elementor-element elementor-element-7b7d580 elementor-align-center elementor-widget elementor-widget-button\" data-id=\"7b7d580\" data-element_type=\"widget\" data-e-type=\"widget\" data-widget_type=\"button.default\">\n\t\t\t\t\t\t\t\t\t\t<a class=\"elementor-button elementor-button-link elementor-size-sm\" href=\"\/ro\/contact\/\">\n\t\t\t\t\t\t<span class=\"elementor-button-content-wrapper\">\n\t\t\t\t\t\t<span class=\"elementor-button-icon\">\n\t\t\t\t<svg aria-hidden=\"true\" class=\"e-font-icon-svg e-fas-arrow-right\" viewbox=\"0 0 448 512\" xmlns=\"http:\/\/www.w3.org\/2000\/svg\"><path d=\"M190.5 66.9l22.2-22.2c9.4-9.4 24.6-9.4 33.9 0L441 239c9.4 9.4 9.4 24.6 0 33.9L246.6 467.3c-9.4 9.4-24.6 9.4-33.9 0l-22.2-22.2c-9.5-9.5-9.3-25 .4-34.3L311.4 296H24c-13.3 0-24-10.7-24-24v-32c0-13.3 10.7-24 24-24h287.4L190.9 101.2c-9.8-9.3-10-24.8-.4-34.3z\"><\/path><\/svg>\t\t\t<\/span>\n\t\t\t\t\t\t\t\t\t<span class=\"elementor-button-text\">Contactati-ne!<\/span>\n\t\t\t\t\t<\/span>\n\t\t\t\t\t<\/a>\n\t\t\t\t\t\t\t\t<\/div>\n\t\t\t\t<\/div>\n\t\t\t\t\t<\/div>\n\t\t\t\t<\/div>\n\t\t\t\t<\/div>","protected":false},"excerpt":{"rendered":"<p>About us What is NDT The field of Nondestructive Testing (NDT) is a very broad field that plays a critical role in assuring that structural components and systems perform their function in a reliable and cost effective fashion. NDT technicians and engineers define and implement tests that locate and characterize material conditions and flaws that [&hellip;]<\/p>\n","protected":false},"author":1,"featured_media":0,"parent":0,"menu_order":0,"comment_status":"closed","ping_status":"closed","template":"elementor_header_footer","meta":{"footnotes":""},"class_list":["post-43","page","type-page","status-publish","hentry"],"_links":{"self":[{"href":"https:\/\/euro-ndt.com\/ro\/wp-json\/wp\/v2\/pages\/43","targetHints":{"allow":["GET"]}}],"collection":[{"href":"https:\/\/euro-ndt.com\/ro\/wp-json\/wp\/v2\/pages"}],"about":[{"href":"https:\/\/euro-ndt.com\/ro\/wp-json\/wp\/v2\/types\/page"}],"author":[{"embeddable":true,"href":"https:\/\/euro-ndt.com\/ro\/wp-json\/wp\/v2\/users\/1"}],"replies":[{"embeddable":true,"href":"https:\/\/euro-ndt.com\/ro\/wp-json\/wp\/v2\/comments?post=43"}],"version-history":[{"count":114,"href":"https:\/\/euro-ndt.com\/ro\/wp-json\/wp\/v2\/pages\/43\/revisions"}],"predecessor-version":[{"id":1104,"href":"https:\/\/euro-ndt.com\/ro\/wp-json\/wp\/v2\/pages\/43\/revisions\/1104"}],"wp:attachment":[{"href":"https:\/\/euro-ndt.com\/ro\/wp-json\/wp\/v2\/media?parent=43"}],"curies":[{"name":"wp","href":"https:\/\/api.w.org\/{rel}","templated":true}]}}