{"id":172,"date":"2026-02-13T06:35:35","date_gmt":"2026-02-13T06:35:35","guid":{"rendered":"https:\/\/wp.euro-ndt.com\/?page_id=172"},"modified":"2026-04-21T11:36:33","modified_gmt":"2026-04-21T11:36:33","slug":"qhse","status":"publish","type":"page","link":"https:\/\/euro-ndt.com\/ro\/qhse\/","title":{"rendered":"QHSE"},"content":{"rendered":"<div data-elementor-type=\"wp-page\" data-elementor-id=\"172\" class=\"elementor elementor-172\">\n\t\t\t\t<div class=\"elementor-element elementor-element-2d877591 e-flex e-con-boxed e-con e-parent\" data-id=\"2d877591\" data-element_type=\"container\" data-e-type=\"container\" data-settings=\"{&quot;background_background&quot;:&quot;classic&quot;,&quot;shape_divider_bottom&quot;:&quot;waves&quot;}\">\n\t\t\t\t\t<div class=\"e-con-inner\">\n\t\t\t\t<div class=\"elementor-shape elementor-shape-bottom\" aria-hidden=\"true\" data-negative=\"false\">\n\t\t\t<svg xmlns=\"http:\/\/www.w3.org\/2000\/svg\" viewbox=\"0 0 1000 100\" preserveaspectratio=\"none\">\n\t<path class=\"elementor-shape-fill\" d=\"M421.9,6.5c22.6-2.5,51.5,0.4,75.5,5.3c23.6,4.9,70.9,23.5,100.5,35.7c75.8,32.2,133.7,44.5,192.6,49.7\tc23.6,2.1,48.7,3.5,103.4-2.5c54.7-6,106.2-25.6,106.2-25.6V0H0v30.3c0,0,72,32.6,158.4,30.5c39.2-0.7,92.8-6.7,134-22.4\tc21.2-8.1,52.2-18.2,79.7-24.2C399.3,7.9,411.6,7.5,421.9,6.5z\"\/>\n<\/svg>\t\t<\/div>\n\t\t\t\t<div class=\"elementor-element elementor-element-5041a16 elementor-widget elementor-widget-heading\" data-id=\"5041a16\" data-element_type=\"widget\" data-e-type=\"widget\" data-widget_type=\"heading.default\">\n\t\t\t\t\t<h1 class=\"elementor-heading-title elementor-size-default\">QHSE<\/h1>\t\t\t\t<\/div>\n\t\t\t\t\t<\/div>\n\t\t\t\t<\/div>\n\t\t<div class=\"elementor-element elementor-element-46015afc e-con-full e-flex e-con e-parent\" data-id=\"46015afc\" data-element_type=\"container\" data-e-type=\"container\">\n\t\t\t\t<div class=\"elementor-element elementor-element-3ff608c0 elementor-widget elementor-widget-zigzag\" data-id=\"3ff608c0\" data-element_type=\"widget\" data-e-type=\"widget\" data-settings=\"{&quot;image_shape&quot;:&quot;sharp&quot;}\" data-widget_type=\"zigzag.default\">\n\t\t\t\t<div class=\"elementor-widget-container\">\n\t\t\t\t\t\t\t<div class=\"ehp-zigzag has-direction-start\">\n\t\t\t\t\t\t\t<div class=\"ehp-zigzag__item-wrapper\">\n\t\t\t\t\t<div class=\"ehp-zigzag__item-container\">\n\t\t\t\t\t\t\t\t<div class=\"ehp-zigzag__graphic-element-container has-image\">\n\t\t\t\t\t\t<div class=\"ehp-image ehp-zigzag__image-container\">\n\t\t\t\t<img decoding=\"async\" class=\"ehp-image__img ehp-zigzag__img has-shape-sharp shape-type-image\" src=\"https:\/\/euro-ndt.com\/wp-content\/uploads\/2026\/02\/qhse.jpg\" title=\"qhse\" alt=\"qhse\" loading=\"lazy\" \/>\t\t\t<\/div>\n\t\t\t\t\t<\/div>\n\t\t\t\t<div class=\"ehp-zigzag__text-container is-graphic-image\">\n\t\t\t<p class=\"ehp-zigzag__description\">Succesul nostru pe termen lung \u00een afaceri depinde de capacitatea de a \u00eembun\u0103t\u0103\u021bi continuu calitatea produselor \u0219i serviciilor, protej\u00e2nd \u00een acela\u0219i timp oamenii \u0219i mediul \u00eenconjur\u0103tor. Accentul trebuie pus \u00een permanen\u021b\u0103 pe s\u0103n\u0103tatea uman\u0103, siguran\u021ba opera\u021bional\u0103, protec\u021bia mediului, \u00eembun\u0103t\u0103\u021birea calit\u0103\u021bii \u0219i bun\u0103voin\u021ba comunit\u0103\u021bii. Acest angajament este \u00een interesul tuturor p\u0103r\u021bilor interesate: clien\u021bi, ac\u021bionari, angaja\u021bi, contractori, furnizori \u0219i comunit\u0103\u021bile \u00een care tr\u0103im \u0219i muncim.\n<br><br>\n<strong><strong>Viziune<\/strong><\/strong><br>\nS\u0103 fim recunoscu\u021bi \u00een industria noastr\u0103 ca lider global \u00een performan\u021ba QHSE.<\/p>\t\t<\/div>\n\t\t\t\t\t\t\t<\/div>\n\t\t\t\t<\/div>\n\t\t\t\t\t\t\t\t<div class=\"ehp-zigzag__item-wrapper\">\n\t\t\t\t\t<div class=\"ehp-zigzag__item-container\">\n\t\t\t\t\t\t\t\t<div class=\"ehp-zigzag__graphic-element-container has-image\">\n\t\t\t\t\t\t<div class=\"ehp-image ehp-zigzag__image-container ehp-image ehp-zigzag__image-container\">\n\t\t\t\t<img decoding=\"async\" class=\"ehp-image__img ehp-zigzag__img has-shape-sharp shape-type-image\" src=\"https:\/\/euro-ndt.com\/wp-content\/uploads\/2026\/02\/a-man-and-a-woman-with-ppe-s-talking-at-a-construction-site-8961065-1024x682-1.jpeg\" title=\"a-man-and-a-woman-with-ppe-s-talking-at-a-construction-site-8961065-1024&#215;682\" alt=\"a-man-and-a-woman-with-ppe-s-talking-at-a-construction-site-8961065-1024x682\" loading=\"lazy\" \/>\t\t\t<\/div>\n\t\t\t\t\t<\/div>\n\t\t\t\t<div class=\"ehp-zigzag__text-container is-graphic-image\">\n\t\t\t<p class=\"ehp-zigzag__description\"><strong><strong>Misiunea noastr\u0103 este:<\/strong><\/strong><br>\n- de a educa \u0219i influen\u021ba angaja\u021bii \u0219i p\u0103r\u021bile interesate astfel \u00eenc\u00e2t ace\u0219tia s\u0103 adopte politicile, standardele \u0219i procedurile QHSE.<br>\n- de a dezvolta o cultur\u0103 \u00een care QHSE (Calitate, Securitate \u0219i Mediu) este o valoare fundamental\u0103.<br>\n- de a ne asigura c\u0103 toate activit\u0103\u021bile noastre comerciale se desf\u0103\u0219oar\u0103 \u00eentr-un mod s\u0103n\u0103tos, sigur \u0219i responsabil fa\u021b\u0103 de mediu.<br>\n- de a \u00eembun\u0103t\u0103\u021bi continuu produsele, serviciile \u0219i performan\u021ba QHSE.<br>\n- de a acorda obiectivelor \u0219i rezultatelor QHSE aceea\u0219i importan\u021b\u0103 ca \u0219i celorlalte obiective ale companiei.\n<br>\nNe angaj\u0103m s\u0103 \u00eembun\u0103t\u0103\u021bim continuu Sistemul nostru de Management Integrat. Pentru a asigura relevan\u021ba, eficacitatea \u0219i eficien\u021ba continue \u00een \u00eendeplinirea obiectivelor afacerii \u0219i a nevoilor \u0219i a\u0219tept\u0103rilor clien\u021bilor no\u0219tri.<\/p>\t\t<\/div>\n\t\t\t\t\t\t\t<\/div>\n\t\t\t\t<\/div>\n\t\t\t\t\t\t\t<\/div>\n\t\t\t\t\t\t<\/div>\n\t\t\t\t<\/div>\n\t\t\t\t<\/div>\n\t\t<div class=\"elementor-element elementor-element-c2d4bf8 e-flex e-con-boxed e-con e-parent\" data-id=\"c2d4bf8\" data-element_type=\"container\" data-e-type=\"container\" data-settings=\"{&quot;background_background&quot;:&quot;gradient&quot;,&quot;shape_divider_top&quot;:&quot;waves&quot;}\">\n\t\t\t\t\t<div class=\"e-con-inner\">\n\t\t\t\t<div class=\"elementor-shape elementor-shape-top\" aria-hidden=\"true\" data-negative=\"false\">\n\t\t\t<svg xmlns=\"http:\/\/www.w3.org\/2000\/svg\" viewbox=\"0 0 1000 100\" preserveaspectratio=\"none\">\n\t<path class=\"elementor-shape-fill\" d=\"M421.9,6.5c22.6-2.5,51.5,0.4,75.5,5.3c23.6,4.9,70.9,23.5,100.5,35.7c75.8,32.2,133.7,44.5,192.6,49.7\tc23.6,2.1,48.7,3.5,103.4-2.5c54.7-6,106.2-25.6,106.2-25.6V0H0v30.3c0,0,72,32.6,158.4,30.5c39.2-0.7,92.8-6.7,134-22.4\tc21.2-8.1,52.2-18.2,79.7-24.2C399.3,7.9,411.6,7.5,421.9,6.5z\"\/>\n<\/svg>\t\t<\/div>\n\t\t<div class=\"elementor-element elementor-element-a8f6493 e-con-full e-flex e-con e-child\" data-id=\"a8f6493\" data-element_type=\"container\" data-e-type=\"container\">\n\t\t\t\t<div class=\"elementor-element elementor-element-fa49fb4 elementor-align-center elementor-widget elementor-widget-button\" data-id=\"fa49fb4\" data-element_type=\"widget\" data-e-type=\"widget\" data-widget_type=\"button.default\">\n\t\t\t\t\t\t\t\t\t\t<a class=\"elementor-button elementor-button-link elementor-size-sm\" href=\"\/ro\/contact\/\">\n\t\t\t\t\t\t<span class=\"elementor-button-content-wrapper\">\n\t\t\t\t\t\t<span class=\"elementor-button-icon\">\n\t\t\t\t<svg aria-hidden=\"true\" class=\"e-font-icon-svg e-fas-arrow-right\" viewbox=\"0 0 448 512\" xmlns=\"http:\/\/www.w3.org\/2000\/svg\"><path d=\"M190.5 66.9l22.2-22.2c9.4-9.4 24.6-9.4 33.9 0L441 239c9.4 9.4 9.4 24.6 0 33.9L246.6 467.3c-9.4 9.4-24.6 9.4-33.9 0l-22.2-22.2c-9.5-9.5-9.3-25 .4-34.3L311.4 296H24c-13.3 0-24-10.7-24-24v-32c0-13.3 10.7-24 24-24h287.4L190.9 101.2c-9.8-9.3-10-24.8-.4-34.3z\"><\/path><\/svg>\t\t\t<\/span>\n\t\t\t\t\t\t\t\t\t<span class=\"elementor-button-text\">Contactati-ne!<\/span>\n\t\t\t\t\t<\/span>\n\t\t\t\t\t<\/a>\n\t\t\t\t\t\t\t\t<\/div>\n\t\t\t\t<\/div>\n\t\t\t\t\t<\/div>\n\t\t\t\t<\/div>\n\t\t\t\t<\/div>","protected":false},"excerpt":{"rendered":"<p>QHSE Our long-term business success depends upon the ability to continually improve product and service quality while protecting people and the environment. Emphasis must continually be placed on human health, operational safety, environmental protection, quality improvement, and community goodwill. This commitment is in the best interests of all our stakeholders: customers, shareholders, employees, contractors, suppliers, [&hellip;]<\/p>\n","protected":false},"author":1,"featured_media":0,"parent":0,"menu_order":0,"comment_status":"closed","ping_status":"closed","template":"elementor_header_footer","meta":{"footnotes":""},"class_list":["post-172","page","type-page","status-publish","hentry"],"_links":{"self":[{"href":"https:\/\/euro-ndt.com\/ro\/wp-json\/wp\/v2\/pages\/172","targetHints":{"allow":["GET"]}}],"collection":[{"href":"https:\/\/euro-ndt.com\/ro\/wp-json\/wp\/v2\/pages"}],"about":[{"href":"https:\/\/euro-ndt.com\/ro\/wp-json\/wp\/v2\/types\/page"}],"author":[{"embeddable":true,"href":"https:\/\/euro-ndt.com\/ro\/wp-json\/wp\/v2\/users\/1"}],"replies":[{"embeddable":true,"href":"https:\/\/euro-ndt.com\/ro\/wp-json\/wp\/v2\/comments?post=172"}],"version-history":[{"count":43,"href":"https:\/\/euro-ndt.com\/ro\/wp-json\/wp\/v2\/pages\/172\/revisions"}],"predecessor-version":[{"id":1055,"href":"https:\/\/euro-ndt.com\/ro\/wp-json\/wp\/v2\/pages\/172\/revisions\/1055"}],"wp:attachment":[{"href":"https:\/\/euro-ndt.com\/ro\/wp-json\/wp\/v2\/media?parent=172"}],"curies":[{"name":"wp","href":"https:\/\/api.w.org\/{rel}","templated":true}]}}